{"id":9846,"date":"2021-02-23T21:44:13","date_gmt":"2021-02-23T21:44:13","guid":{"rendered":"https:\/\/mantravibes.org\/courses\/?page_id=9846"},"modified":"2021-02-24T22:31:22","modified_gmt":"2021-02-24T22:31:22","slug":"upcoming-courses","status":"publish","type":"page","link":"https:\/\/mantravibes.org\/courses\/upcoming-courses\/","title":{"rendered":"Upcoming Courses"},"content":{"rendered":"\t\t<div data-elementor-type=\"wp-page\" data-elementor-id=\"9846\" class=\"elementor elementor-9846\" data-elementor-settings=\"[]\">\n\t\t\t\t\t\t\t<div class=\"elementor-section-wrap\">\n\t\t\t\t\t\t\t<section class=\"elementor-section elementor-top-section elementor-element elementor-element-38f4775 elementor-section-boxed elementor-section-height-default elementor-section-height-default\" data-id=\"38f4775\" data-element_type=\"section\">\n\t\t\t\t\t\t<div class=\"elementor-container elementor-column-gap-default\">\n\t\t\t\t\t<div class=\"elementor-column elementor-col-100 elementor-top-column elementor-element elementor-element-0c3a10e\" data-id=\"0c3a10e\" data-element_type=\"column\">\n\t\t\t<div class=\"elementor-widget-wrap elementor-element-populated\">\n\t\t\t\t\t\t\t\t<div class=\"elementor-element elementor-element-fbed179 elementor-widget elementor-widget-heading\" data-id=\"fbed179\" data-element_type=\"widget\" data-widget_type=\"heading.default\">\n\t\t\t\t<div class=\"elementor-widget-container\">\n\t\t\t<h2 class=\"elementor-heading-title elementor-size-default\">Upcoming Courses<\/h2>\t\t<\/div>\n\t\t\t\t<\/div>\n\t\t\t\t\t<\/div>\n\t\t<\/div>\n\t\t\t\t\t\t\t<\/div>\n\t\t<\/section>\n\t\t\t\t<section class=\"elementor-section elementor-top-section elementor-element elementor-element-60e4770 elementor-section-boxed elementor-section-height-default elementor-section-height-default\" data-id=\"60e4770\" data-element_type=\"section\">\n\t\t\t\t\t\t<div class=\"elementor-container elementor-column-gap-default\">\n\t\t\t\t\t<div class=\"elementor-column elementor-col-100 elementor-top-column elementor-element elementor-element-04d4785\" data-id=\"04d4785\" data-element_type=\"column\">\n\t\t\t<div class=\"elementor-widget-wrap elementor-element-populated\">\n\t\t\t\t\t\t\t\t<div class=\"elementor-element elementor-element-c1970b4 elementor-invisible elementor-widget elementor-widget-image\" data-id=\"c1970b4\" data-element_type=\"widget\" data-settings=\"{&quot;_animation&quot;:&quot;zoomIn&quot;}\" data-widget_type=\"image.default\">\n\t\t\t\t<div class=\"elementor-widget-container\">\n\t\t\t\t\t<div class=\"elementor-image\">\n\t\t\t\t\t\t\t<figure class=\"wp-caption\">\n\t\t\t\t\t\t\t\t\t\t<img loading=\"lazy\" decoding=\"async\" width=\"768\" height=\"432\" src=\"https:\/\/mantravibes.org\/courses\/wp-content\/uploads\/2021\/02\/bv-768x432.jpg\" class=\"attachment-medium_large size-medium_large\" alt=\"\" srcset=\"https:\/\/mantravibes.org\/courses\/wp-content\/uploads\/2021\/02\/bv-768x432.jpg 768w, https:\/\/mantravibes.org\/courses\/wp-content\/uploads\/2021\/02\/bv-300x169.jpg 300w, https:\/\/mantravibes.org\/courses\/wp-content\/uploads\/2021\/02\/bv-1024x576.jpg 1024w, https:\/\/mantravibes.org\/courses\/wp-content\/uploads\/2021\/02\/bv.jpg 1280w\" sizes=\"auto, (max-width: 768px) 100vw, 768px\" \/>\t\t\t\t\t\t\t\t\t\t\t<figcaption class=\"widget-image-caption wp-caption-text\">Level-2 Bhagavad Gita Course (Weekly Online Thematic-Free)<\/figcaption>\n\t\t\t\t\t\t\t\t\t\t<\/figure>\n\t\t\t\t\t<\/div>\n\t\t\t\t<\/div>\n\t\t\t\t<\/div>\n\t\t\t\t<div class=\"elementor-element elementor-element-8e051e0 elementor-widget elementor-widget-text-editor\" data-id=\"8e051e0\" data-element_type=\"widget\" data-widget_type=\"text-editor.default\">\n\t\t\t\t<div class=\"elementor-widget-container\">\n\t\t\t\t\t<div class=\"elementor-text-editor elementor-clearfix\"><p style=\"box-sizing: inherit; font-size: 14px; font-style: normal; font-weight: 400; color: #000000; font-family: 'Noto Sans', sans-serif;\">The Level-2 Bhagavad Gita Program is meant to enable everyone to practice, to grow, and to preach the process of bhakti-yoga. By practicing, the devotee will grow in Krsna consciousness. He or she should also learn how to help others in their Krsna consciousness, so that they will be able to preach to new people. This Program provides association and spiritual community support, and when the new devotee becomes strong he should preach. One cannot carry out Lord Caitanya\u2019s orders without preaching.<\/p><p style=\"box-sizing: inherit; font-size: 14px; font-style: normal; font-weight: 400; color: #000000; font-family: 'Noto Sans', sans-serif;\">To achieve this in a systematic way requires a great stress on training, on all levels, and on all aspects of practice and preaching. To be successful, the Level-2 Program needs to implement a \u201cculture of training.\u201d It is a brahminical, Vaishnava effort, dealing with people\u2019s hearts and minds. It needs ongoing training of every member of every group\u2014by seminars and courses, by practical engagement and philosophical study, by personal development, and by preaching experiences.<\/p><\/div>\n\t\t\t\t<\/div>\n\t\t\t\t<\/div>\n\t\t\t\t\t<\/div>\n\t\t<\/div>\n\t\t\t\t\t\t\t<\/div>\n\t\t<\/section>\n\t\t\t\t<section class=\"elementor-section elementor-top-section elementor-element elementor-element-9606e8b elementor-section-boxed elementor-section-height-default elementor-section-height-default\" data-id=\"9606e8b\" data-element_type=\"section\">\n\t\t\t\t\t\t<div class=\"elementor-container elementor-column-gap-default\">\n\t\t\t\t\t<div class=\"elementor-column elementor-col-100 elementor-top-column elementor-element elementor-element-f8392af\" data-id=\"f8392af\" data-element_type=\"column\">\n\t\t\t<div class=\"elementor-widget-wrap elementor-element-populated\">\n\t\t\t\t\t\t\t\t<div class=\"elementor-element elementor-element-b6cad98 elementor-invisible elementor-widget elementor-widget-image\" data-id=\"b6cad98\" data-element_type=\"widget\" data-settings=\"{&quot;_animation&quot;:&quot;zoomIn&quot;}\" data-widget_type=\"image.default\">\n\t\t\t\t<div class=\"elementor-widget-container\">\n\t\t\t\t\t<div class=\"elementor-image\">\n\t\t\t\t\t\t\t\t\t\t<img loading=\"lazy\" decoding=\"async\" width=\"512\" height=\"194\" src=\"https:\/\/mantravibes.org\/courses\/wp-content\/uploads\/2021\/02\/bhaktishastri.jpg\" class=\"attachment-full size-full\" alt=\"\" srcset=\"https:\/\/mantravibes.org\/courses\/wp-content\/uploads\/2021\/02\/bhaktishastri.jpg 512w, https:\/\/mantravibes.org\/courses\/wp-content\/uploads\/2021\/02\/bhaktishastri-300x114.jpg 300w\" sizes=\"auto, (max-width: 512px) 100vw, 512px\" \/>\t\t\t\t\t\t\t\t\t\t\t<\/div>\n\t\t\t\t<\/div>\n\t\t\t\t<\/div>\n\t\t\t\t<div class=\"elementor-element elementor-element-7055162 elementor-widget elementor-widget-text-editor\" data-id=\"7055162\" data-element_type=\"widget\" data-widget_type=\"text-editor.default\">\n\t\t\t\t<div class=\"elementor-widget-container\">\n\t\t\t\t\t<div class=\"elementor-text-editor elementor-clearfix\"><p>1. Chapter by chapter&nbsp;<span style=\"font-style: inherit; font-weight: inherit; color: var( --e-global-color-text ); font-family: var( --e-global-typography-text-font-family ), Sans-serif;\">exploration.<\/span><\/p>\n<p>2. To explore and&nbsp;<span style=\"font-style: inherit; font-weight: inherit; color: var( --e-global-color-text ); font-family: var( --e-global-typography-text-font-family ), Sans-serif;\">understand the&nbsp;<\/span><span style=\"font-style: inherit; font-weight: inherit; color: var( --e-global-color-text ); font-family: var( --e-global-typography-text-font-family ), Sans-serif;\">themes of each&nbsp;<\/span><span style=\"font-style: inherit; font-weight: inherit; color: var( --e-global-color-text ); font-family: var( --e-global-typography-text-font-family ), Sans-serif;\">chapter and Gita &#8211;<\/span><\/p>\n<p>Time, Karma,&nbsp;<span style=\"font-style: inherit; font-weight: inherit; color: var( --e-global-color-text ); font-family: var( --e-global-typography-text-font-family ), Sans-serif;\">Identity,&nbsp;<\/span><span style=\"font-style: inherit; font-weight: inherit; color: var( --e-global-color-text ); font-family: var( --e-global-typography-text-font-family ), Sans-serif;\">Nature\/Environment&nbsp;<\/span><span style=\"font-style: inherit; font-weight: inherit; color: var( --e-global-color-text ); font-family: var( --e-global-typography-text-font-family ), Sans-serif;\">and the supreme&nbsp;<\/span><span style=\"font-style: inherit; font-weight: inherit; color: var( --e-global-color-text ); font-family: var( --e-global-typography-text-font-family ), Sans-serif;\">controller.<\/span><\/p>\n<p>3. To understand the life&nbsp;<span style=\"font-style: inherit; font-weight: inherit; color: var( --e-global-color-text ); font-family: var( --e-global-typography-text-font-family ), Sans-serif;\">lessons from this&nbsp;<\/span><span style=\"font-style: inherit; font-weight: inherit; color: var( --e-global-color-text ); font-family: var( --e-global-typography-text-font-family ), Sans-serif;\">historical epic<\/span><\/p><p>Gain in-depth study&nbsp;<span style=\"font-style: inherit; font-weight: inherit; color: var( --e-global-color-text ); font-family: var( --e-global-typography-text-font-family ), Sans-serif;\">of Bhagavad-g\u012bt\u0101, \u015ar\u012b&nbsp;<\/span><span style=\"font-style: inherit; font-weight: inherit; color: var( --e-global-color-text ); font-family: var( --e-global-typography-text-font-family ), Sans-serif;\">\u012a\u015bopanisad, Nectar of&nbsp;<\/span><span style=\"font-style: inherit; font-weight: inherit; color: var( --e-global-color-text ); font-family: var( --e-global-typography-text-font-family ), Sans-serif;\">Devotion and Nectar&nbsp;<\/span><span style=\"font-style: inherit; font-weight: inherit; color: var( --e-global-color-text ); font-family: var( --e-global-typography-text-font-family ), Sans-serif;\">of Instruction.<\/span><\/p><\/div>\n\t\t\t\t<\/div>\n\t\t\t\t<\/div>\n\t\t\t\t\t<\/div>\n\t\t<\/div>\n\t\t\t\t\t\t\t<\/div>\n\t\t<\/section>\n\t\t\t\t<section class=\"elementor-section elementor-top-section elementor-element elementor-element-acb1592 elementor-section-boxed elementor-section-height-default elementor-section-height-default\" data-id=\"acb1592\" data-element_type=\"section\">\n\t\t\t\t\t\t<div class=\"elementor-container elementor-column-gap-default\">\n\t\t\t\t\t<div class=\"elementor-column elementor-col-100 elementor-top-column elementor-element elementor-element-d8a53a7\" data-id=\"d8a53a7\" data-element_type=\"column\">\n\t\t\t<div class=\"elementor-widget-wrap elementor-element-populated\">\n\t\t\t\t\t\t\t\t<div class=\"elementor-element elementor-element-d674e74 elementor-widget elementor-widget-image\" data-id=\"d674e74\" data-element_type=\"widget\" data-widget_type=\"image.default\">\n\t\t\t\t<div class=\"elementor-widget-container\">\n\t\t\t\t\t<div class=\"elementor-image\">\n\t\t\t\t\t\t\t\t\t\t<img loading=\"lazy\" decoding=\"async\" width=\"500\" height=\"480\" src=\"https:\/\/mantravibes.org\/courses\/wp-content\/uploads\/2021\/02\/Guru-Disciple.jpg\" class=\"attachment-large size-large\" alt=\"\" srcset=\"https:\/\/mantravibes.org\/courses\/wp-content\/uploads\/2021\/02\/Guru-Disciple.jpg 500w, https:\/\/mantravibes.org\/courses\/wp-content\/uploads\/2021\/02\/Guru-Disciple-300x288.jpg 300w\" sizes=\"auto, (max-width: 500px) 100vw, 500px\" \/>\t\t\t\t\t\t\t\t\t\t\t<\/div>\n\t\t\t\t<\/div>\n\t\t\t\t<\/div>\n\t\t\t\t<div class=\"elementor-element elementor-element-1ba363a elementor-widget elementor-widget-text-editor\" data-id=\"1ba363a\" data-element_type=\"widget\" data-widget_type=\"text-editor.default\">\n\t\t\t\t<div class=\"elementor-widget-container\">\n\t\t\t\t\t<div class=\"elementor-text-editor elementor-clearfix\"><p>1. To help you deepen\u00a0<span style=\"font-style: inherit; font-weight: inherit; color: var( --e-global-color-text ); font-family: var( --e-global-typography-text-font-family ), Sans-serif;\">your understanding\u00a0<\/span><span style=\"font-style: inherit; font-weight: inherit; color: var( --e-global-color-text ); font-family: var( --e-global-typography-text-font-family ), Sans-serif;\">of guru-tattva and\u00a0<\/span><span style=\"font-style: inherit; font-weight: inherit; color: var( --e-global-color-text ); font-family: var( --e-global-typography-text-font-family ), Sans-serif;\">gurupadac\u0327raya\u00a0<\/span><span style=\"font-style: inherit; font-weight: inherit; color: var( --e-global-color-text ); font-family: var( --e-global-typography-text-font-family ), Sans-serif;\">within the multiple\u00a0<\/span><span style=\"font-style: inherit; font-weight: inherit; color: var( --e-global-color-text ); font-family: var( --e-global-typography-text-font-family ), Sans-serif;\">guru culture of\u00a0<\/span><span style=\"font-style: inherit; font-weight: inherit; color: var( --e-global-color-text ); font-family: var( --e-global-typography-text-font-family ), Sans-serif;\">ISKCON.<\/span><\/p><p>2. To understand how\u00a0<span style=\"font-style: inherit; font-weight: inherit; color: var( --e-global-color-text ); font-family: var( --e-global-typography-text-font-family ), Sans-serif;\">to establish a\u00a0<\/span><span style=\"font-style: inherit; font-weight: inherit; color: var( --e-global-color-text ); font-family: var( --e-global-typography-text-font-family ), Sans-serif;\">relationship with\u00a0<\/span><span style=\"font-style: inherit; font-weight: inherit; color: var( --e-global-color-text ); font-family: var( --e-global-typography-text-font-family ), Sans-serif;\">Guru.<\/span><\/p><p>3. To learn how to act\u00a0<span style=\"font-style: inherit; font-weight: inherit; color: var( --e-global-color-text ); font-family: var( --e-global-typography-text-font-family ), Sans-serif;\">in the relationship\u00a0<\/span><span style=\"font-style: inherit; font-weight: inherit; color: var( --e-global-color-text ); font-family: var( --e-global-typography-text-font-family ), Sans-serif;\">with Guru.<\/span><\/p><p>4. To understand the\u00a0<span style=\"font-style: inherit; font-weight: inherit; color: var( --e-global-color-text ); font-family: var( --e-global-typography-text-font-family ), Sans-serif;\">relationships within\u00a0<\/span><span style=\"font-style: inherit; font-weight: inherit; color: var( --e-global-color-text ); font-family: var( --e-global-typography-text-font-family ), Sans-serif;\">ISKCON and how\u00a0<\/span><span style=\"font-style: inherit; font-weight: inherit; color: var( --e-global-color-text ); font-family: var( --e-global-typography-text-font-family ), Sans-serif;\">to present one\u2019s\u00a0<\/span><span style=\"font-style: inherit; font-weight: inherit; color: var( --e-global-color-text ); font-family: var( --e-global-typography-text-font-family ), Sans-serif;\">guru.<\/span><\/p><p>5. The course is\u00a0<span style=\"font-style: inherit; font-weight: inherit; color: var( --e-global-color-text ); font-family: var( --e-global-typography-text-font-family ), Sans-serif;\">based on the\u00a0<\/span><span style=\"font-style: inherit; font-weight: inherit; color: var( --e-global-color-text ); font-family: var( --e-global-typography-text-font-family ), Sans-serif;\">teachings of Srila\u00a0<\/span><span style=\"font-style: inherit; font-weight: inherit; color: var( --e-global-color-text ); font-family: var( --e-global-typography-text-font-family ), Sans-serif;\">Prabhupada and\u00a0<\/span><span style=\"font-style: inherit; font-weight: inherit; color: var( --e-global-color-text ); font-family: var( --e-global-typography-text-font-family ), Sans-serif;\">current ISKCON\u00a0<\/span><span style=\"font-style: inherit; font-weight: inherit; color: var( --e-global-color-text ); font-family: var( --e-global-typography-text-font-family ), Sans-serif;\">Law and gives\u00a0<\/span><span style=\"font-style: inherit; font-weight: inherit; color: var( --e-global-color-text ); font-family: var( --e-global-typography-text-font-family ), Sans-serif;\">reference to the\u00a0<\/span><span style=\"font-style: inherit; font-weight: inherit; color: var( --e-global-color-text ); font-family: var( --e-global-typography-text-font-family ), Sans-serif;\">writings from the\u00a0<\/span><span style=\"font-style: inherit; font-weight: inherit; color: var( --e-global-color-text ); font-family: var( --e-global-typography-text-font-family ), Sans-serif;\">broader Gaudiya\u00a0<\/span><span style=\"font-style: inherit; font-weight: inherit; color: var( --e-global-color-text ); font-family: var( --e-global-typography-text-font-family ), Sans-serif;\">Vaisnava tradition.<\/span><\/p><\/div>\n\t\t\t\t<\/div>\n\t\t\t\t<\/div>\n\t\t\t\t\t<\/div>\n\t\t<\/div>\n\t\t\t\t\t\t\t<\/div>\n\t\t<\/section>\n\t\t\t\t<section class=\"elementor-section elementor-top-section elementor-element elementor-element-eb65648 elementor-section-boxed elementor-section-height-default elementor-section-height-default\" data-id=\"eb65648\" data-element_type=\"section\">\n\t\t\t\t\t\t<div class=\"elementor-container elementor-column-gap-default\">\n\t\t\t\t\t<div class=\"elementor-column elementor-col-100 elementor-top-column elementor-element elementor-element-8499b69\" data-id=\"8499b69\" data-element_type=\"column\">\n\t\t\t<div class=\"elementor-widget-wrap elementor-element-populated\">\n\t\t\t\t\t\t\t\t<div class=\"elementor-element elementor-element-de8c696 elementor-widget elementor-widget-image\" data-id=\"de8c696\" data-element_type=\"widget\" data-widget_type=\"image.default\">\n\t\t\t\t<div class=\"elementor-widget-container\">\n\t\t\t\t\t<div class=\"elementor-image\">\n\t\t\t\t\t\t\t\t\t\t<img loading=\"lazy\" decoding=\"async\" width=\"698\" height=\"146\" src=\"https:\/\/mantravibes.org\/courses\/wp-content\/uploads\/2021\/02\/Iskcon-veggie-cooking.jpg\" class=\"attachment-large size-large\" alt=\"\" srcset=\"https:\/\/mantravibes.org\/courses\/wp-content\/uploads\/2021\/02\/Iskcon-veggie-cooking.jpg 698w, https:\/\/mantravibes.org\/courses\/wp-content\/uploads\/2021\/02\/Iskcon-veggie-cooking-300x63.jpg 300w\" sizes=\"auto, (max-width: 698px) 100vw, 698px\" \/>\t\t\t\t\t\t\t\t\t\t\t<\/div>\n\t\t\t\t<\/div>\n\t\t\t\t<\/div>\n\t\t\t\t\t<\/div>\n\t\t<\/div>\n\t\t\t\t\t\t\t<\/div>\n\t\t<\/section>\n\t\t\t\t\t\t<\/div>\n\t\t\t\t\t<\/div>\n\t\t","protected":false},"excerpt":{"rendered":"<p>Upcoming Courses Level-2 Bhagavad Gita Course (Weekly Online Thematic-Free) The Level-2 Bhagavad Gita Program is meant to enable everyone to practice, to grow, and to preach the process of bhakti-yoga. By practicing, the devotee will grow in Krsna consciousness. He or she should also learn how to help others in their Krsna consciousness, so that &hellip;<\/p>\n<p class=\"read-more\"> <a class=\"\" href=\"https:\/\/mantravibes.org\/courses\/upcoming-courses\/\"> <span class=\"screen-reader-text\">Upcoming Courses<\/span> Read More \u00bb<\/a><\/p>\n","protected":false},"author":1,"featured_media":0,"parent":0,"menu_order":0,"comment_status":"closed","ping_status":"closed","template":"","meta":{"footnotes":""},"class_list":["post-9846","page","type-page","status-publish","hentry"],"_links":{"self":[{"href":"https:\/\/mantravibes.org\/courses\/wp-json\/wp\/v2\/pages\/9846","targetHints":{"allow":["GET"]}}],"collection":[{"href":"https:\/\/mantravibes.org\/courses\/wp-json\/wp\/v2\/pages"}],"about":[{"href":"https:\/\/mantravibes.org\/courses\/wp-json\/wp\/v2\/types\/page"}],"author":[{"embeddable":true,"href":"https:\/\/mantravibes.org\/courses\/wp-json\/wp\/v2\/users\/1"}],"replies":[{"embeddable":true,"href":"https:\/\/mantravibes.org\/courses\/wp-json\/wp\/v2\/comments?post=9846"}],"version-history":[{"count":6,"href":"https:\/\/mantravibes.org\/courses\/wp-json\/wp\/v2\/pages\/9846\/revisions"}],"predecessor-version":[{"id":9886,"href":"https:\/\/mantravibes.org\/courses\/wp-json\/wp\/v2\/pages\/9846\/revisions\/9886"}],"wp:attachment":[{"href":"https:\/\/mantravibes.org\/courses\/wp-json\/wp\/v2\/media?parent=9846"}],"curies":[{"name":"wp","href":"https:\/\/api.w.org\/{rel}","templated":true}]}}